{"id":830,"date":"2025-10-14T10:17:24","date_gmt":"2025-10-14T08:17:24","guid":{"rendered":"https:\/\/nova.depoles.com\/trgovina\/lepilka-eco-f7-s-super-highspeed-sicar\/"},"modified":"2026-02-13T11:14:48","modified_gmt":"2026-02-13T10:14:48","slug":"lepilka-eco-f7-s-super-highspeed-sicar","status":"publish","type":"product","link":"https:\/\/www.depoles.com\/hr\/trgovina\/lepilka-eco-f7-s-super-highspeed-sicar\/","title":{"rendered":"LJEPLJIVA TRAKA ECO F7-S SUPER HIGHSPEED SICAR"},"content":{"rendered":"","protected":false},"excerpt":{"rendered":"<pre><strong>IZREDNO ATRAKTIVNA CENA ZA VRHUNSKO LEPILKO\/POSLJITE POVPRA\u0160EVANJE NA:\u00a0<a href=\"mailto:info@depoles.com\">info@depoles.com<\/a><\/strong>\r\nUredimo pla\u010dila na obroke TAKOJ za vse : fizi\u010dne in pravne osebe, doo in sp do 15000\u20ac brez obiska banke\r\n<strong><span style=\"color: #ff0000\">VRHUNSKA LEPILKA + SICAR ECO F7-S SUPER HIGHSPEED PLUS<\/span><\/strong>\r\n<span style=\"color: #000000\"><strong>2x DIA PREDREZKARJI+ 2x RONDOMAT+ FULL SETUP+ elektronsko motorna nastavitev vi\u0161\u0161ine agregatev na debelino panela \r\n(odtipkate na PLC) +zelo velik PLC zaslon na dostik in \u0161tevcem metrov porabe traku in panelov<\/strong><\/span>\r\n<span dir=\"auto\">Lepilka <strong><span style=\"color: #ff0000\">SICAR <\/span><\/strong><\/span><strong><span style=\"color: #ff0000\"><span dir=\"auto\">ECO F7-S SUPER HIGHSPEED\u00a0\u00a0<\/span><\/span><\/strong><span dir=\"auto\"> izstopa od drugih kompaktnih robnih lepilk, ker gre pri tej lepilki dejansko za industrijski setup stroja in <strong>HIGHSPEED obdelavo<\/strong>, kar pomeni, da zaradi extremne hitrosti obdelave panelov mo\u010dno pospe\u0161ite hitrost lepljenja in obdelave robov in tako mo\u010dno skraj\u0161ate \u010das obdelave proti vsej ostali konkurenci na trgu<\/span><span dir=\"auto\">\u00a0 Visoki natan\u010dnost in stabilnost stroja zaradi industrijskega setupa se ohranja najve\u010dja trdnost in u\u010dinkovitost obdelave opreme. Vrhunski agregati: IR ogrevanje na vstopu, KOTLI\u010cEK za lepilo -<strong>HITRO MENJALNI<\/strong> (opcija) za<strong> EVA\/PUR (vodotesna) lepila,<\/strong> mo\u010dno pove\u010dajo kvaliteto. Vrhunska opremljenost agregatov in nadzor preko PLC v relanem \u010dasu! <\/span>\r\n<span dir=\"auto\"><span style=\"color: #ff0000\"><strong>DVOJNI (2x) RONDOMAT-POSTFORMING<\/strong><\/span> za zaokro\u017eevanje\u00a0 panela na vseh 4 straneh z <strong>DVEMA (2) AGREGATOMA<\/strong> za <strong>vrhunski finish<\/strong> in <strong>mo\u010dno pove\u010da dodatno vrednost obdelanemu panelu<\/strong>, ter va\u0161o proizvodnjo dvigne na raven najbolj\u0161ih mizarjev in va\u0161e konl\u010dne izdelke povzdigne na najvi\u0161ji nivo kvalitete. <strong>Serija ECO F<\/strong> prihrani prostor in ima vrhunski u\u010dinek robnega lepljenja. Idealna je za majhne ali srednje delavnice,obrtnike, sp , doo, tovarne pohi\u0161tva, za velike kapacitete in vrhunsko natan\u010dnost; v veliko pomo\u010d je lahko pri proizvodnji majhnih do zelo velikih in industriojskih serij in kapacitet, tudi v velikih tovarnah pohi\u0161tva.<\/span><\/pre>\n<ul>\n<li>obdelava ABS trakov 0,4 do 3 mm<\/li>\n<li>HIGH SPEEED \/3 HITROSTI POMIKA\/ZELO VISOKA ZMOGLJIVOST STROJA<\/li>\n<li>\u0160tevec metrov porabe traku sa prikazuije na velikem PLC zaslonu<\/li>\n<li>automatska nastavitev debeline obdelovanca preko PLC (ni potrebno ro\u010dnega nastavljanja)<\/li>\n<li>komplet upravljenjne in nadzor stroje preko velikem PLC V RELANEM \u010dasu<\/li>\n<li>hitrost pomika panela skozi stroj 8\/11\/13 m\/m (HIGHSPEEED)<\/li>\n<li>max\u00a0 debelina panela za opbdelavo 45 mm<\/li>\n<li>skupna poraba 10.3 Kw<\/li>\n<\/ul>\n<p>&nbsp;<\/p>\n<ul>\n<li><strong>TEHNI\u010cNI\u00a0 PODATKI in AGREGATI<\/strong>:<\/li>\n<li>\u00a0dr\u017ealo traku v roli<\/li>\n<li>odrez ABS traku do 3 mm<\/li>\n<li>\u0161karje za odrez iz role<\/li>\n<li>SPRAY LO\u010cILO na vhodu<\/li>\n<li>IR lu\u010d za hitro segrevanje panela (zagotavlja masimalen stiok lepila in ABS traku na vhodu)<\/li>\n<li>2\u00a0 x DIA PREDRZKARJI<\/li>\n<li>2 x \u010cELILNIK<\/li>\n<li>2 x REZKAR R=2\/COMBO z velikimi kopirnimi rinki<\/li>\n<li><strong>2 x RONDOMAT<\/strong> ( dvojni agregat za vrhunsko zaokro\u017eevanje vseh 4 strani na panelu)<\/li>\n<li>2 x strgala<\/li>\n<li>2 x krta\u010de<\/li>\n<li>SPRAY \u010cISTILO \u010distilo na izhodu<\/li>\n<li>dol\u017eina stroja\u00a0 4500 mm<\/li>\n<li>te\u017ea 1250 \/1000 kg<\/li>\n<\/ul>\n<p><strong>OPCIJE\/DOPLA\u010cILA:<\/strong><\/p>\n<ol>\n<li>HITRO MENJALNI KOTLI\u010c\u0106EK EVA\/PUR<\/li>\n<\/ol>\n<div class=\"uk-panel uk-margin\"><span class=\"html-span xdj266r x14z9mp xat24cr x1lziwak xexx8yu xyri2b x18d9i69 x1c1uobl x1hl2dhg x16tdsg8 x1vvkbs\"><a class=\"x1i10hfl xjbqb8w x1ejq31n x18oe1m7 x1sy0etr xstzfhl x972fbf x10w94by x1qhh985 x14e42zd x9f619 x1ypdohk xt0psk2 x3ct3a4 xdj266r x14z9mp xat24cr x1lziwak xexx8yu xyri2b x18d9i69 x1c1uobl x16tdsg8 x1hl2dhg xggy1nq x1a2a7pz xkrqix3 x1sur9pj x1fey0fg x1s688f\" role=\"link\" href=\"https:\/\/www.facebook.com\/hashtag\/brs9p?__eep__=6&amp;__cft__[0]=AZUjh5TiRy71qcn6Gyrp147OkvHjf7hVQ3hHte5ee0O2d8bzty1GfBEA0_5Xarknbwb2MzjpgXRXRcrFfajJaNI15y6IHxKP-KnlDgkryg6MwuD1cQGzmnbkGcgPdIr_3eF9Z8gR4o6Fr9zZ81A3BAaTnVvzaW9jaA-j5AHxHGAT4O8XbyB_RWOY_l84zE2RBhc&amp;__tn__=*NK-R\">#<\/a><\/span><\/div>\n","protected":false},"featured_media":831,"template":"","meta":[],"product_brand":[],"product_cat":[1033,1006,1012],"product_tag":[314,318,339,341,421,452,455,467,532,635,664,671,718,743,775,806,887],"class_list":{"0":"post-830","1":"product","2":"type-product","3":"status-publish","4":"has-post-thumbnail","6":"product_cat-robne-lepilke","7":"product_cat-sicar-stroji","8":"product_cat-stroji-za-les","9":"product_tag-depoles","10":"product_tag-dia","11":"product_tag-eco-f7","12":"product_tag-ecof7-super","13":"product_tag-high-speed","14":"product_tag-industrijska","15":"product_tag-ir","16":"product_tag-kanterica","17":"product_tag-lepilka","18":"product_tag-plc","19":"product_tag-predglodala","20":"product_tag-predrzkarji","21":"product_tag-rondomat","22":"product_tag-sicar","23":"product_tag-spray","24":"product_tag-super","25":"product_tag-vrhunska","27":"first","28":"onbackorder","29":"shipping-taxable","30":"product-type-simple"},"_links":{"self":[{"href":"https:\/\/www.depoles.com\/hr\/wp-json\/wp\/v2\/product\/830","targetHints":{"allow":["GET"]}}],"collection":[{"href":"https:\/\/www.depoles.com\/hr\/wp-json\/wp\/v2\/product"}],"about":[{"href":"https:\/\/www.depoles.com\/hr\/wp-json\/wp\/v2\/types\/product"}],"wp:featuredmedia":[{"embeddable":true,"href":"https:\/\/www.depoles.com\/hr\/wp-json\/wp\/v2\/media\/831"}],"wp:attachment":[{"href":"https:\/\/www.depoles.com\/hr\/wp-json\/wp\/v2\/media?parent=830"}],"wp:term":[{"taxonomy":"product_brand","embeddable":true,"href":"https:\/\/www.depoles.com\/hr\/wp-json\/wp\/v2\/product_brand?post=830"},{"taxonomy":"product_cat","embeddable":true,"href":"https:\/\/www.depoles.com\/hr\/wp-json\/wp\/v2\/product_cat?post=830"},{"taxonomy":"product_tag","embeddable":true,"href":"https:\/\/www.depoles.com\/hr\/wp-json\/wp\/v2\/product_tag?post=830"}],"curies":[{"name":"wp","href":"https:\/\/api.w.org\/{rel}","templated":true}]}}