{"id":901,"date":"2025-05-07T13:34:36","date_gmt":"2025-05-07T11:34:36","guid":{"rendered":"https:\/\/nova.depoles.com\/trgovina\/vozicek-za-iveral-prekipni-pt460-sicar\/"},"modified":"2026-03-11T04:52:04","modified_gmt":"2026-03-11T03:52:04","slug":"vozicek-za-iveral-prekipni-bt1214-pt460-sicar","status":"publish","type":"product","link":"https:\/\/www.depoles.com\/hr\/trgovina\/vozicek-za-iveral-prekipni-bt1214-pt460-sicar\/","title":{"rendered":"KOLICA ZA IVERAL PRELIVNI PT460 SICAR"},"content":{"rendered":"","protected":false},"excerpt":{"rendered":"<h5>PROFI VOZI\u010cEK ZA PANELE \/IVERAL \/PREKIPNI<\/h5>\n<ul>\n<li>preklopni\/kipni za lazje nakladanje te\u017ekih plo\u0161\u010da iverala na delovne stroje<\/li>\n<li>Profesionalni vozi\u010dek iz barvanega \u017eeleza za prevoz vseh lesenih plo\u0161\u010d, uporaben tudi za ravne povr\u0161ine.<\/li>\n<li>Vsak vozi\u010dek je zasnovan za maksimalno stabilnost in je opremljen z dvema visokokakovostnima zavornima kolesoma za gladko gibanje po kateri koli povr\u0161ini.<\/li>\n<\/ul>\n<div>Naklon: 0\u00b0 &#8211; 90\u00b0<\/div>\n<div>Vi\u0161ina: 157 cm<\/div>\n<div>\u0160irina: 130 cm<\/div>\n<div>Globina: 65 cm<\/div>\n<div>Te\u017ea: 40 kg<\/div>\n","protected":false},"featured_media":902,"template":"","meta":[],"product_brand":[],"product_cat":[1041,1012],"product_tag":[302,314,459,487,602,622,672,682,883],"class_list":{"0":"post-901","1":"product","2":"type-product","3":"status-publish","4":"has-post-thumbnail","6":"product_cat-oprema-za-delavnice-delovne-mize-ponki-in-police","7":"product_cat-stroji-za-les","8":"product_tag-delavnica","9":"product_tag-depoles","10":"product_tag-iveral","11":"product_tag-kipni","12":"product_tag-obracanje","13":"product_tag-panel","14":"product_tag-prekipni","15":"product_tag-prevoz","16":"product_tag-vozicek","18":"first","19":"instock","20":"sale","21":"shipping-taxable","22":"purchasable","23":"product-type-simple"},"_links":{"self":[{"href":"https:\/\/www.depoles.com\/hr\/wp-json\/wp\/v2\/product\/901","targetHints":{"allow":["GET"]}}],"collection":[{"href":"https:\/\/www.depoles.com\/hr\/wp-json\/wp\/v2\/product"}],"about":[{"href":"https:\/\/www.depoles.com\/hr\/wp-json\/wp\/v2\/types\/product"}],"wp:featuredmedia":[{"embeddable":true,"href":"https:\/\/www.depoles.com\/hr\/wp-json\/wp\/v2\/media\/902"}],"wp:attachment":[{"href":"https:\/\/www.depoles.com\/hr\/wp-json\/wp\/v2\/media?parent=901"}],"wp:term":[{"taxonomy":"product_brand","embeddable":true,"href":"https:\/\/www.depoles.com\/hr\/wp-json\/wp\/v2\/product_brand?post=901"},{"taxonomy":"product_cat","embeddable":true,"href":"https:\/\/www.depoles.com\/hr\/wp-json\/wp\/v2\/product_cat?post=901"},{"taxonomy":"product_tag","embeddable":true,"href":"https:\/\/www.depoles.com\/hr\/wp-json\/wp\/v2\/product_tag?post=901"}],"curies":[{"name":"wp","href":"https:\/\/api.w.org\/{rel}","templated":true}]}}