{"id":911,"date":"2024-12-16T13:51:25","date_gmt":"2024-12-16T12:51:25","guid":{"rendered":"https:\/\/nova.depoles.com\/trgovina\/mokro-suhi-brusilnik-nts-200-flex-230v\/"},"modified":"2026-04-14T21:17:40","modified_gmt":"2026-04-14T19:17:40","slug":"mokro-suhi-brusilnik-nts-200-flex-230v","status":"publish","type":"product","link":"https:\/\/www.depoles.com\/hr\/trgovina\/mokro-suhi-brusilnik-nts-200-flex-230v\/","title":{"rendered":"MOKRI SUHI BRUSILICA NTS 200 FLEX 230V"},"content":{"rendered":"<div class=\"row groupRow\">\n<div class=\"zusatzInfo\">\n<div class=\"col-sm-6 col-xs-6\">\n<div class=\"border-bottom-dotted\">\n<div class=\"content-wrapper\">\n<div class=\"row\">\n<div class=\"col-sm-12\">\n<div id=\"detailArtikelID_11742\" class=\"row productDetail\">\n<div class=\"col-sm-12 datenfeld-row\">\n<h3>Tehni\u010dne podrobnosti<\/h3>\n<div class=\"row groupRow\">\n<div class=\"zusatzInfo\">\n<div class=\"col-sm-6 col-xs-6\">\n<div class=\"border-bottom-dotted\"><strong>Podatki o motorju<\/strong><\/div>\n<\/div>\n<div class=\"clearfix\"><\/div>\n<\/div>\n<\/div>\n<div class=\"row\">\n<div class=\"zusatzInfo\">\n<div class=\"col-sm-6 col-xs-6\">\n<div class=\"border-bottom-dotted\">Mo\u010d motorja S1 v W<\/div>\n<\/div>\n<div class=\"col-sm-6 col-xs-6\">\n<div class=\"border-bottom-dotted\">120 S2 (5 min)<\/div>\n<\/div>\n<div class=\"clearfix\"><\/div>\n<\/div>\n<\/div>\n<div class=\"row\">\n<div class=\"zusatzInfo\">\n<div class=\"col-sm-6 col-xs-6\">\n<div class=\"border-bottom-dotted\">Napetost<\/div>\n<\/div>\n<div class=\"col-sm-6 col-xs-6\">\n<div class=\"border-bottom-dotted\">230V\/50Hz<\/div>\n<\/div>\n<div class=\"clearfix\"><\/div>\n<\/div>\n<\/div>\n<div class=\"row\">\n<div class=\"zusatzInfo\">\n<div class=\"col-sm-6 col-xs-6\">\n<div class=\"border-bottom-dotted\">Dol\u017eina kabla<\/div>\n<\/div>\n<div class=\"col-sm-6 col-xs-6\">\n<div class=\"border-bottom-dotted\">2m<\/div>\n<\/div>\n<div class=\"clearfix\"><\/div>\n<\/div>\n<\/div>\n<div class=\"row\">\n<div class=\"zusatzInfo\">\n<div class=\"col-sm-6 col-xs-6\">\n<div class=\"border-bottom-dotted\">Za\u0161\u010ditni razred<\/div>\n<\/div>\n<div class=\"col-sm-6 col-xs-6\">\n<div class=\"border-bottom-dotted\">IP23<\/div>\n<\/div>\n<div class=\"clearfix\"><\/div>\n<\/div>\n<\/div>\n<div class=\"row groupRow\">\n<div class=\"zusatzInfo\">\n<div class=\"col-sm-6 col-xs-6\">\n<div class=\"border-bottom-dotted\"><strong>Splo\u0161ne dimenzije<\/strong><\/div>\n<\/div>\n<div class=\"clearfix\"><\/div>\n<\/div>\n<\/div>\n<div class=\"row\">\n<div class=\"zusatzInfo\">\n<div class=\"col-sm-6 col-xs-6\">\n<div class=\"border-bottom-dotted\">Vgradne mere v mm<\/div>\n<\/div>\n<div class=\"col-sm-6 col-xs-6\">\n<div class=\"border-bottom-dotted\">450x260x380<\/div>\n<\/div>\n<div class=\"clearfix\"><\/div>\n<\/div>\n<\/div>\n<div class=\"row groupRow\">\n<div class=\"zusatzInfo\">\n<div class=\"col-sm-6 col-xs-6\">\n<div class=\"border-bottom-dotted\"><strong>Stroji za ostrenje<\/strong><\/div>\n<\/div>\n<div class=\"clearfix\"><\/div>\n<\/div>\n<\/div>\n<div class=\"row\">\n<div class=\"zusatzInfo\">\n<div class=\"col-sm-6 col-xs-6\">\n<div class=\"border-bottom-dotted\">Dimenzija brusa v mm<\/div>\n<\/div>\n<div class=\"col-sm-6 col-xs-6\">\n<div class=\"border-bottom-dotted\">\u00f8200x40x12<\/div>\n<\/div>\n<div class=\"clearfix\"><\/div>\n<\/div>\n<\/div>\n<div class=\"row\">\n<div class=\"zusatzInfo\">\n<div class=\"col-sm-6 col-xs-6\">\n<div class=\"border-bottom-dotted\">Usnjeno kolo za bru\u0161enje<\/div>\n<\/div>\n<div class=\"col-sm-6 col-xs-6\">\n<div class=\"border-bottom-dotted\">\u00f8200x30x12,5 mm<\/div>\n<\/div>\n<div class=\"clearfix\"><\/div>\n<\/div>\n<\/div>\n<div class=\"row\">\n<div class=\"zusatzInfo\">\n<div class=\"col-sm-6 col-xs-6\">\n<div class=\"border-bottom-dotted\">Hitrost brusnega kamna v min-1<\/div>\n<\/div>\n<div class=\"col-sm-6 col-xs-6\">\n<div class=\"border-bottom-dotted\">30-150<\/div>\n<\/div>\n<div class=\"clearfix\"><\/div>\n<\/div>\n<\/div>\n<div class=\"row groupRow\">\n<div class=\"zusatzInfo\">\n<div class=\"col-sm-6 col-xs-6\">\n<div class=\"border-bottom-dotted\"><strong>Glasnost in vibracije:<\/strong><\/div>\n<\/div>\n<div class=\"clearfix\"><\/div>\n<\/div>\n<\/div>\n<div class=\"row\">\n<div class=\"zusatzInfo\">\n<div class=\"col-sm-6 col-xs-6\">\n<div class=\"border-bottom-dotted\">Raven zvo\u010dne mo\u010di v dB(A)<\/div>\n<\/div>\n<div class=\"col-sm-6 col-xs-6\">\n<div class=\"border-bottom-dotted\">91.5<\/div>\n<\/div>\n<div class=\"clearfix\"><\/div>\n<\/div>\n<\/div>\n<div class=\"row\">\n<div class=\"zusatzInfo\">\n<div class=\"col-sm-6 col-xs-6\">\n<div class=\"border-bottom-dotted\">Raven zvo\u010dnega tlaka v dB(A)<\/div>\n<\/div>\n<div class=\"col-sm-6 col-xs-6\">\n<div class=\"border-bottom-dotted\">78.5<\/div>\n<\/div>\n<div class=\"clearfix\"><\/div>\n<\/div>\n<\/div>\n<div class=\"row groupRow\">\n<div class=\"zusatzInfo\">\n<div class=\"col-sm-6 col-xs-6\">\n<div class=\"border-bottom-dotted\"><strong>Te\u017ea<\/strong><\/div>\n<\/div>\n<div class=\"clearfix\"><\/div>\n<\/div>\n<\/div>\n<div class=\"row\">\n<div class=\"zusatzInfo\">\n<div class=\"col-sm-6 col-xs-6\">\n<div class=\"border-bottom-dotted\">Bruto te\u017ea v kg<\/div>\n<\/div>\n<div class=\"col-sm-6 col-xs-6\">\n<div class=\"border-bottom-dotted\">8.70<\/div>\n<\/div>\n<div class=\"clearfix\"><\/div>\n<\/div>\n<\/div>\n<div class=\"row\">\n<div class=\"zusatzInfo\">\n<div class=\"col-sm-6 col-xs-6\">\n<div class=\"border-bottom-dotted\">Neto te\u017ea v kg<\/div>\n<\/div>\n<div class=\"col-sm-6 col-xs-6\">\n<div class=\"border-bottom-dotted\">7.80<\/div>\n<\/div>\n<div class=\"clearfix\"><\/div>\n<\/div>\n<\/div>\n<div class=\"row groupRow\">\n<div class=\"zusatzInfo\">\n<div class=\"col-sm-6 col-xs-6\">\n<div class=\"border-bottom-dotted\"><strong>Dimenzije po\u0161iljanja<\/strong><\/div>\n<\/div>\n<div class=\"clearfix\"><\/div>\n<\/div>\n<\/div>\n<div class=\"row\">\n<div class=\"zusatzInfo\">\n<div class=\"col-sm-6 col-xs-6\">\n<div class=\"border-bottom-dotted\">\u0160irina embala\u017ee v mm<\/div>\n<\/div>\n<div class=\"col-sm-6 col-xs-6\">\n<div class=\"border-bottom-dotted\">340<\/div>\n<\/div>\n<div class=\"clearfix\"><\/div>\n<\/div>\n<\/div>\n<div class=\"row\">\n<div class=\"zusatzInfo\">\n<div class=\"col-sm-6 col-xs-6\">\n<div class=\"border-bottom-dotted\">Dol\u017eina pakiranja v mm<\/div>\n<\/div>\n<div class=\"col-sm-6 col-xs-6\">\n<div class=\"border-bottom-dotted\">400<\/div>\n<\/div>\n<div class=\"clearfix\"><\/div>\n<\/div>\n<\/div>\n<div class=\"row\">\n<div class=\"zusatzInfo\">\n<div class=\"col-sm-6 col-xs-6\">\n<div class=\"border-bottom-dotted\">Vi\u0161ina embala\u017ee v mm<\/div>\n<\/div>\n<div class=\"col-sm-6 col-xs-6\">\n<div class=\"border-bottom-dotted\">340<\/div>\n<\/div>\n<div class=\"clearfix\"><\/div>\n<\/div>\n<\/div>\n<div class=\"row groupRow\">\n<div class=\"zusatzInfo\">\n<div class=\"col-sm-6 col-xs-6\">\n<div class=\"border-bottom-dotted\"><strong>Splo\u0161ni podatki<\/strong><\/div>\n<\/div>\n<div class=\"clearfix\"><\/div>\n<\/div>\n<\/div>\n<div class=\"row\">\n<div class=\"zusatzInfo\">\n<div class=\"col-sm-6 col-xs-6\">\n<div class=\"border-bottom-dotted\">kodo EAN<\/div>\n<\/div>\n<div class=\"col-sm-6 col-xs-6\">\n<div class=\"border-bottom-dotted\">9120058377877<\/div>\n<\/div>\n<div class=\"clearfix\"><\/div>\n<\/div>\n<\/div>\n<\/div>\n<\/div>\n<\/div>\n<\/div>\n<\/div>\n<div class=\"content-wrapper\">\n<h2 class=\"boxed\">priporo\u010deni pribor za izdelek<\/h2>\n<\/div>\n<\/div>\n<\/div>\n<\/div>\n<\/div>\n<div class=\"row\">\n<div class=\"zusatzInfo\">\n<div class=\"col-sm-6 col-xs-6\">\n<div class=\"border-bottom-dotted\"><\/div>\n<\/div>\n<\/div>\n<\/div>\n<div class=\"row groupRow\">\n<div class=\"zusatzInfo\">\n<div class=\"col-sm-6 col-xs-6\">\n<div class=\"border-bottom-dotted\"><\/div>\n<\/div>\n<\/div>\n<\/div>\n<div class=\"row\">\n<div class=\"zusatzInfo\">\n<div class=\"col-sm-6 col-xs-6\">\n<div class=\"border-bottom-dotted\"><\/div>\n<\/div>\n<div class=\"clearfix\"><\/div>\n<\/div>\n<\/div>\n","protected":false},"excerpt":{"rendered":"<p>NTS\u00a0 200 FLEX 230V<\/p>\n<p>HOLZMANN brusilnik za mokro in suho bru\u0161enje NTS200FLEX_230V se lahko univerzalno uporablja za enostavno in natan\u010dno ostrenje va\u0161ih no\u017eev, dlet, rezbarskih orodij, \u0161karij, orodij za stru\u017eenje lesa in \u0161e veliko ve\u010d. Dragoceni brusni kamen korund te\u010de skozi vodni bazen, ki hladi obdelovanec in prepre\u010duje pregrevanje. Nastavljivo \u0161tevilo vrtljajev brusa (brezstopenjsko preko potenciometra) v obmo\u010dju 30-150 vrt\/min zagotavlja varno, materialu prilagojeno delo. Smerno stikalo za vrtenje brusilne plo\u0161\u010de v smeri urinega kazalca\/nasprotni smeri urinega kazalca ter obse\u017eni dodatki omogo\u010dajo ljubiteljem DIY in profesionalcem uporabo stroja v komercialne namene.<\/p>\n<ul>\n<li>brus iz korunda te\u010de skozi vodni bazen, ki hladi obdelovanec in prepre\u010duje pregrevanje<\/li>\n<li>Idealen za ljubitelje doma\u010dih mojstrov, pa tudi za komercialno uporabo<\/li>\n<li>Brezstopenjska nastavitev hitrosti preko potenciometra<\/li>\n<li>Stikalo smeri vrtenja za vrtenje brusa v desno\/nasprotno smer urinega kazalca<\/li>\n<li>majhna prostorska zahteva<\/li>\n<\/ul>\n<p><strong>Obseg dobave:<\/strong>\u00a0brusni kamen iz korunda K220, usnjena brusna plo\u0161\u010da, kotna \u0161ablona, \u200b\u200buniverzalno dr\u017ealo, dr\u017ealo orodja, posoda za vodo, brusilna pasta<\/p>\n<pre><span style=\"color: #ff0000\"><strong>ZA DOPLA\u010cILO:<\/strong>\u00a0<\/span>\r\n<span style=\"color: #000000\"><strong>NTS 200 HS SET= 59\u20ac <\/strong>za dleta<\/span>\r\n<span style=\"color: #000000\"><strong>NTS 2250SH = 29\u20ac<\/strong> dr\u017eala za \u0161karje<\/span>\r\n<span style=\"color: #000000\"><strong>NTS 250 SET= 69\u20ac <\/strong>nastavek za bru\u0161enje no\u017eev, \u0161karij...<\/span>\r\n<span style=\"color: #000000\"><strong>NTS 200 SET= 69\u20ac <\/strong>brusni\/ostrilni kamen \u00d8 200x 40 mm<\/span>\r\n<span style=\"color: #000000\"><strong>NTS250 PAST=19\u20ac  <\/strong>pasta brusilna<\/span><\/pre>\n","protected":false},"featured_media":912,"template":"","meta":[],"product_brand":[],"product_cat":[1054,1066,1062,1043,1012],"product_tag":[236,314,441,566,596,805],"class_list":{"0":"post-911","1":"product","2":"type-product","3":"status-publish","4":"has-post-thumbnail","6":"product_cat-brusilniki-za-kovine","7":"product_cat-brusilniki-poliranje-brusenje","8":"product_cat-oprema-za-delavnice-delovne-mize-ponki","9":"product_cat-stroji-za-kovine","10":"product_cat-stroji-za-les","11":"product_tag-brusilnik","12":"product_tag-depoles","13":"product_tag-holzmann","14":"product_tag-mokro","15":"product_tag-nts200","16":"product_tag-suhi","18":"first","19":"onbackorder","20":"shipping-taxable","21":"purchasable","22":"product-type-simple"},"_links":{"self":[{"href":"https:\/\/www.depoles.com\/hr\/wp-json\/wp\/v2\/product\/911","targetHints":{"allow":["GET"]}}],"collection":[{"href":"https:\/\/www.depoles.com\/hr\/wp-json\/wp\/v2\/product"}],"about":[{"href":"https:\/\/www.depoles.com\/hr\/wp-json\/wp\/v2\/types\/product"}],"wp:featuredmedia":[{"embeddable":true,"href":"https:\/\/www.depoles.com\/hr\/wp-json\/wp\/v2\/media\/912"}],"wp:attachment":[{"href":"https:\/\/www.depoles.com\/hr\/wp-json\/wp\/v2\/media?parent=911"}],"wp:term":[{"taxonomy":"product_brand","embeddable":true,"href":"https:\/\/www.depoles.com\/hr\/wp-json\/wp\/v2\/product_brand?post=911"},{"taxonomy":"product_cat","embeddable":true,"href":"https:\/\/www.depoles.com\/hr\/wp-json\/wp\/v2\/product_cat?post=911"},{"taxonomy":"product_tag","embeddable":true,"href":"https:\/\/www.depoles.com\/hr\/wp-json\/wp\/v2\/product_tag?post=911"}],"curies":[{"name":"wp","href":"https:\/\/api.w.org\/{rel}","templated":true}]}}