{"id":966,"date":"2024-08-14T12:28:00","date_gmt":"2024-08-14T10:28:00","guid":{"rendered":"https:\/\/nova.depoles.com\/trgovina\/rezkar-za-skrite-pante-spone-fr-129-vb-virutex\/"},"modified":"2024-08-14T12:28:00","modified_gmt":"2024-08-14T10:28:00","slug":"rezkar-za-skrite-pante-spone-fr-129-vb-virutex","status":"publish","type":"product","link":"https:\/\/www.depoles.com\/hr\/trgovina\/rezkar-za-skrite-pante-spone-fr-129-vb-virutex\/","title":{"rendered":"REZALICA ZA SKRIVENE \u0160ARKE FR 129 VB VIRUTEX"},"content":{"rendered":"<p>motor 1000W<br \/>\nprijem 8 mm<br \/>\nmax premer rezkarja do 26 mm<br \/>\nmax globina 11 mm<br \/>\nmax globina z kitom za nevidne spone 40 mm<br \/>\nmax prijem 200\u00a0 (250 mm)<br \/>\nmin sirina 33 mm<br \/>\nmax dimenzija obdelave 165 x 74 mm<br \/>\nobrati: 14000-27000 obr\/min<br \/>\nte\u017ea: 4,3 kg<\/p>\n<p><iframe loading=\"lazy\" title=\"Virutex Fresadora de herrajes FR129VB | Router for fitting hinges | Paumelleuse\" width=\"1290\" height=\"726\" src=\"https:\/\/www.youtube.com\/embed\/LtR70KrlDC0?start=81&#038;feature=oembed\" frameborder=\"0\" allow=\"accelerometer; autoplay; clipboard-write; encrypted-media; gyroscope; picture-in-picture; web-share\" referrerpolicy=\"strict-origin-when-cross-origin\" allowfullscreen><\/iframe><\/p>\n<p>&nbsp;<\/p>\n<p>&nbsp;<\/p>\n","protected":false},"excerpt":{"rendered":"<pre><span style=\"color: #000000\"><strong><span style=\"color: #ff0000\">DEMO \/ RABLJEN STROJ ZAPAKIRAN\/ BREZ GARANCIJE\/\r\n<\/span><span style=\"color: #000000\">PONUDBA VELJA DO PRODAJE STROJA IZ ZALOGE<\/span><\/strong><\/span>\r\n<span style=\"color: #000000\"><strong>Rezkar FR 129 VB\/model 2025 za skrite spone\/nasadila\/pante<\/strong><\/span><\/pre>\n<h5><strong>Karbidni nastavek \u00d8 7,6 mm (ref. 1140059) in vodilni obro\u010d ref.<br \/>\n<\/strong><strong>2950105, 2 razdelilni palici za 3 ali 4 te\u010daje, servisni klju\u010di, torbica<br \/>\n<\/strong><strong>Model ref. 2900805 vklju\u010duje komplet za monta\u017eo skritih te\u010dajev z nastavki \u00d816 ali 20 mm.<\/strong><\/h5>\n<ul>\n<li>DEMO stroj se prodaja pod pogoji rabljenega\/gre za nove zapakirane ali razstavljene stroje<\/li>\n<\/ul>\n<p>&nbsp;<\/p>\n<p><strong><span style=\"color: #ff0000\">OPCIJA\/DOPLA\u010cILO:<\/span><\/strong><br \/>\n<span class=\"jCAhz ChMk0b\" style=\"font-size: 16px\"><span class=\"ryNqvb\">2946767 Komplet za monta\u017eo skritih te\u010dajev z nastavkom \u00d816 mm= 690\u20ac<\/span><\/span><br \/>\n<span class=\"jCAhz ChMk0b\" style=\"font-size: 16px\"><span class=\"ryNqvb\">2946766 Komplet za monta\u017eo skritih te\u010dajev z nastavkom \u00d820 mm= 690\u20ac<\/span><\/span><br \/>\n<span class=\"jCAhz ChMk0b\" style=\"font-size: 16px\"><span class=\"ryNqvb\">1<\/span><\/span><span class=\"jCAhz ChMk0b\" style=\"font-size: 16px\"><span class=\"ryNqvb\">640127 Nastavek \u00d816 mm =34\u20ac<\/span><\/span><br \/>\n<span class=\"jCAhz ChMk0b\" style=\"font-size: 16px\"><span class=\"ryNqvb\">1640367 Nastavek \u00d820 mm = 39\u20ac<\/span><\/span><\/p>\n<h5><span style=\"color: #ff0000\"><strong>VIDEO FR 129 VB:<\/strong><\/span><\/h5>\n","protected":false},"featured_media":967,"template":"","meta":[],"product_brand":[],"product_cat":[1070,1032,1034,1012],"product_tag":[583,625,709,756,774,876,886],"class_list":{"0":"post-966","1":"product","2":"type-product","3":"status-publish","4":"has-post-thumbnail","6":"product_cat-rabljeni-stroji","7":"product_cat-rezkarji-glodalice","8":"product_cat-rocno-orodje","9":"product_cat-stroji-za-les","10":"product_tag-nasadilo","11":"product_tag-panti","12":"product_tag-rezkar","13":"product_tag-skrite","14":"product_tag-spone","15":"product_tag-virutex","16":"product_tag-vrata","18":"first","19":"instock","20":"shipping-taxable","21":"product-type-simple"},"_links":{"self":[{"href":"https:\/\/www.depoles.com\/hr\/wp-json\/wp\/v2\/product\/966","targetHints":{"allow":["GET"]}}],"collection":[{"href":"https:\/\/www.depoles.com\/hr\/wp-json\/wp\/v2\/product"}],"about":[{"href":"https:\/\/www.depoles.com\/hr\/wp-json\/wp\/v2\/types\/product"}],"wp:featuredmedia":[{"embeddable":true,"href":"https:\/\/www.depoles.com\/hr\/wp-json\/wp\/v2\/media\/967"}],"wp:attachment":[{"href":"https:\/\/www.depoles.com\/hr\/wp-json\/wp\/v2\/media?parent=966"}],"wp:term":[{"taxonomy":"product_brand","embeddable":true,"href":"https:\/\/www.depoles.com\/hr\/wp-json\/wp\/v2\/product_brand?post=966"},{"taxonomy":"product_cat","embeddable":true,"href":"https:\/\/www.depoles.com\/hr\/wp-json\/wp\/v2\/product_cat?post=966"},{"taxonomy":"product_tag","embeddable":true,"href":"https:\/\/www.depoles.com\/hr\/wp-json\/wp\/v2\/product_tag?post=966"}],"curies":[{"name":"wp","href":"https:\/\/api.w.org\/{rel}","templated":true}]}}