{"id":976,"date":"2024-08-02T08:56:36","date_gmt":"2024-08-02T06:56:36","guid":{"rendered":"https:\/\/nova.depoles.com\/trgovina\/nosilec-uni-podajalnika-za-kombinirke\/"},"modified":"2024-08-02T08:56:36","modified_gmt":"2024-08-02T06:56:36","slug":"nosilec-uni-podajalnika-za-kombinirke","status":"publish","type":"product","link":"https:\/\/www.depoles.com\/hr\/trgovina\/nosilec-uni-podajalnika-za-kombinirke\/","title":{"rendered":"NOSA\u010c UNI DODAVA\u010cA ZA KOMBINIRKE"},"content":{"rendered":"<p>Namenjen za monta\u017eo za vse kombinirke<\/p>\n<p>Nosilec je univerzalen<\/p>\n<p>preklopni mehanizem<\/p>\n","protected":false},"excerpt":{"rendered":"<h5>Nosilec primeren\u00a0 za vse kombinirke, ki se prodajajo na trgu (200,250,300,400 mm), rezkarje, poravnalke, kombinirano&#8230;<\/h5>\n<ul>\n<li>izvedba je univerzalna<\/li>\n<li>Pritrdi se z 2 vijakoma na rob stroja<\/li>\n<li>Mogo\u010de so glede na tip stroja potrebne dodatne prilagoditve<\/li>\n<li>Ima preklopni sistem in ko podajalnika ne potrebujete, ga samo obrnete pod stroj<\/li>\n<li>Ko ga ponovno potrebujete, ga obrnete navzgor im preklopni sistem se zaskoci<\/li>\n<\/ul>\n<p>&nbsp;<\/p>\n","protected":false},"featured_media":930,"template":"","meta":[],"product_brand":[],"product_cat":[1026,1029,1012],"product_tag":[314,324,325,501,543,591,592,643,646,673,786,844,845],"class_list":{"0":"post-976","1":"product","2":"type-product","3":"status-publish","4":"has-post-thumbnail","6":"product_cat-kombinirke-5-operacij","7":"product_cat-podajalniki","8":"product_cat-stroji-za-les","9":"product_tag-depoles","10":"product_tag-dodavac","11":"product_tag-dodavace","12":"product_tag-kombinirke","13":"product_tag-maggi","14":"product_tag-nosac","15":"product_tag-nosilec","16":"product_tag-podajalnik","17":"product_tag-pofdajalnik","18":"product_tag-preklopni","19":"product_tag-steff","20":"product_tag-transporter","21":"product_tag-transportere","23":"first","24":"instock","25":"shipping-taxable","26":"purchasable","27":"product-type-simple"},"_links":{"self":[{"href":"https:\/\/www.depoles.com\/hr\/wp-json\/wp\/v2\/product\/976","targetHints":{"allow":["GET"]}}],"collection":[{"href":"https:\/\/www.depoles.com\/hr\/wp-json\/wp\/v2\/product"}],"about":[{"href":"https:\/\/www.depoles.com\/hr\/wp-json\/wp\/v2\/types\/product"}],"wp:featuredmedia":[{"embeddable":true,"href":"https:\/\/www.depoles.com\/hr\/wp-json\/wp\/v2\/media\/930"}],"wp:attachment":[{"href":"https:\/\/www.depoles.com\/hr\/wp-json\/wp\/v2\/media?parent=976"}],"wp:term":[{"taxonomy":"product_brand","embeddable":true,"href":"https:\/\/www.depoles.com\/hr\/wp-json\/wp\/v2\/product_brand?post=976"},{"taxonomy":"product_cat","embeddable":true,"href":"https:\/\/www.depoles.com\/hr\/wp-json\/wp\/v2\/product_cat?post=976"},{"taxonomy":"product_tag","embeddable":true,"href":"https:\/\/www.depoles.com\/hr\/wp-json\/wp\/v2\/product_tag?post=976"}],"curies":[{"name":"wp","href":"https:\/\/api.w.org\/{rel}","templated":true}]}}