{"id":984,"date":"2024-07-01T11:45:50","date_gmt":"2024-07-01T09:45:50","guid":{"rendered":"https:\/\/nova.depoles.com\/trgovina\/welder-inverter-plasma-cutter-dipa40neo\/"},"modified":"2025-12-17T13:52:42","modified_gmt":"2025-12-17T12:52:42","slug":"welder-inverter-plasma-cutter-dipa40neo","status":"publish","type":"product","link":"https:\/\/www.depoles.com\/hr\/trgovina\/welder-inverter-plasma-cutter-dipa40neo\/","title":{"rendered":"Inverterski aparat za zavarivanje i plazma reza\u010d DIPA40NEO"},"content":{"rendered":"<p><strong>Specifikacije izdelka<\/strong><\/p>\n<ul>\n<li><strong>Dimenzije (V x \u0160 x G):<\/strong> 371 x 153 x 232 mm<\/li>\n<li><strong>Varjenje:<\/strong>\n<ul>\n<li>Vhodna mo\u010d: 4,8 KVA<\/li>\n<li>Obmo\u010dje varilnega toka: 15 &#8211; 40 A<\/li>\n<li>Maksimalna rezalna zmogljivost: 12 mm<\/li>\n<li>Vhodna napetost: 230 V, 50-60 Hz<\/li>\n<li>\u010cas predprtja plina: 2,5 | 5 s<\/li>\n<\/ul>\n<\/li>\n<li><strong>Te\u017ea:<\/strong>\n<ul>\n<li>Bruto te\u017ea: 11 kg<\/li>\n<li>Netto te\u017ea: 9 kg<\/li>\n<\/ul>\n<\/li>\n<li><strong>Embala\u017ea:<\/strong>\n<ul>\n<li>\u0160irina: 310 mm<\/li>\n<li>Dol\u017eina: 510 mm<\/li>\n<li>Vi\u0161ina: 350 mm<\/li>\n<\/ul>\n<\/li>\n<li><strong>Splo\u0161ni podatki:<\/strong>\n<ul>\n<li>EAN koda: 9120132140427<\/li>\n<\/ul>\n<\/li>\n<\/ul>\n","protected":false},"excerpt":{"rendered":"<h3>Glavne zna\u010dilnosti<\/h3>\n<ul>\n<li>Najve\u010dja rezalna zmogljivost: 12 mm<\/li>\n<li>Izbirni nastavek za \u010das dovajanja zraka po rezanju: 2,5 ali 5 sekund<\/li>\n<li>Hitrost pretoka zraka: 30 &#8211; 100 l\/min<\/li>\n<li>Zra\u010dni tlak: 2-4 bar (0,2 &#8211; 0,4 MPa)<\/li>\n<\/ul>\n<p><strong>Vklju\u010den v dostavo:<\/strong> ozemljitvena sponka (dol\u017eina 3 m), rezalna gorilnik (dol\u017eina 4 m), ventil za sprostitev tlaka, priklju\u010dna cev (0,5 m)<\/p>\n","protected":false},"featured_media":985,"template":"","meta":[],"product_brand":[],"product_cat":[1043,1053],"product_tag":[],"class_list":{"0":"post-984","1":"product","2":"type-product","3":"status-publish","4":"has-post-thumbnail","6":"product_cat-stroji-za-kovine","7":"product_cat-varilni-aparati-in-oprema","9":"first","10":"instock","11":"shipping-taxable","12":"purchasable","13":"product-type-simple"},"_links":{"self":[{"href":"https:\/\/www.depoles.com\/hr\/wp-json\/wp\/v2\/product\/984","targetHints":{"allow":["GET"]}}],"collection":[{"href":"https:\/\/www.depoles.com\/hr\/wp-json\/wp\/v2\/product"}],"about":[{"href":"https:\/\/www.depoles.com\/hr\/wp-json\/wp\/v2\/types\/product"}],"wp:featuredmedia":[{"embeddable":true,"href":"https:\/\/www.depoles.com\/hr\/wp-json\/wp\/v2\/media\/985"}],"wp:attachment":[{"href":"https:\/\/www.depoles.com\/hr\/wp-json\/wp\/v2\/media?parent=984"}],"wp:term":[{"taxonomy":"product_brand","embeddable":true,"href":"https:\/\/www.depoles.com\/hr\/wp-json\/wp\/v2\/product_brand?post=984"},{"taxonomy":"product_cat","embeddable":true,"href":"https:\/\/www.depoles.com\/hr\/wp-json\/wp\/v2\/product_cat?post=984"},{"taxonomy":"product_tag","embeddable":true,"href":"https:\/\/www.depoles.com\/hr\/wp-json\/wp\/v2\/product_tag?post=984"}],"curies":[{"name":"wp","href":"https:\/\/api.w.org\/{rel}","templated":true}]}}