{"id":999,"date":"2024-07-01T11:45:40","date_gmt":"2024-07-01T09:45:40","guid":{"rendered":"https:\/\/nova.depoles.com\/trgovina\/mini-mma-welding-machine-dc-mma-eisa160-mini\/"},"modified":"2025-12-17T14:03:20","modified_gmt":"2025-12-17T13:03:20","slug":"mini-mma-welding-machine-dc-mma-eisa160-mini","status":"publish","type":"product","link":"https:\/\/www.depoles.com\/hr\/trgovina\/mini-mma-welding-machine-dc-mma-eisa160-mini\/","title":{"rendered":"Mini MMA aparat za zavarivanje DC MMA EISA160-MINI"},"content":{"rendered":"<p><strong>Specifikacije izdelka<\/strong><\/p>\n<table>\n<tr>\n<th colspan=\"2\">Dimenzije<\/th>\n<\/tr>\n<tr>\n<td>Skupne dimenzije (mm)<\/td>\n<td>280 x 125 x 240<\/td>\n<\/tr>\n<tr>\n<th colspan=\"2\">Varjenje<\/th>\n<\/tr>\n<tr>\n<td>Vhodna napetost<\/td>\n<td>230 V \/ 50-60 Hz<\/td>\n<\/tr>\n<tr>\n<td>Vhodna mo\u010d (kVA)<\/td>\n<td>4,8<\/td>\n<\/tr>\n<tr>\n<td>Obmo\u010dje varilnega toka (A)<\/td>\n<td>10 &#8211; 160<\/td>\n<\/tr>\n<tr>\n<td>Napetost brez obremenitve (V)<\/td>\n<td>70<\/td>\n<\/tr>\n<tr>\n<th colspan=\"2\">Te\u017ea<\/th>\n<\/tr>\n<tr>\n<td>Bruto te\u017ea (kg)<\/td>\n<td>5<\/td>\n<\/tr>\n<tr>\n<td>Netto te\u017ea (kg)<\/td>\n<td>3,20<\/td>\n<\/tr>\n<tr>\n<th colspan=\"2\">Pakiranje<\/th>\n<\/tr>\n<tr>\n<td>\u0160irina pakiranja (mm)<\/td>\n<td>200<\/td>\n<\/tr>\n<tr>\n<td>Dol\u017eina pakiranja (mm)<\/td>\n<td>350<\/td>\n<\/tr>\n<tr>\n<td>Vi\u0161ina pakiranja (mm)<\/td>\n<td>280<\/td>\n<\/tr>\n<tr>\n<th colspan=\"2\">Splo\u0161ni podatki<\/th>\n<\/tr>\n<tr>\n<td>EAN koda<\/td>\n<td>9120132140366<\/td>\n<\/tr>\n<\/table>\n","protected":false},"excerpt":{"rendered":"<h3>Prednosti<\/h3>\n<ul>\n<li>kompaktna in lahka zasnova<\/li>\n<li>nahrbtni trak za prena\u0161anje<\/li>\n<li>preprosto in enostavno upravljanje<\/li>\n<li>obmo\u010dje varilnega toka: 10 A &#8211; 160 A<\/li>\n<\/ul>\n<p><strong>Vklju\u010deno v paket:<\/strong> masa\u017eni kabel (1 m), dr\u017ealo za elektrodo (1,5 m), kladivo za odstranjevanje \u017elindre z krta\u010do<\/p>\n","protected":false},"featured_media":1000,"template":"","meta":[],"product_brand":[],"product_cat":[1043,1053],"product_tag":[],"class_list":{"0":"post-999","1":"product","2":"type-product","3":"status-publish","4":"has-post-thumbnail","6":"product_cat-stroji-za-kovine","7":"product_cat-varilni-aparati-in-oprema","9":"first","10":"instock","11":"shipping-taxable","12":"purchasable","13":"product-type-simple"},"_links":{"self":[{"href":"https:\/\/www.depoles.com\/hr\/wp-json\/wp\/v2\/product\/999","targetHints":{"allow":["GET"]}}],"collection":[{"href":"https:\/\/www.depoles.com\/hr\/wp-json\/wp\/v2\/product"}],"about":[{"href":"https:\/\/www.depoles.com\/hr\/wp-json\/wp\/v2\/types\/product"}],"wp:featuredmedia":[{"embeddable":true,"href":"https:\/\/www.depoles.com\/hr\/wp-json\/wp\/v2\/media\/1000"}],"wp:attachment":[{"href":"https:\/\/www.depoles.com\/hr\/wp-json\/wp\/v2\/media?parent=999"}],"wp:term":[{"taxonomy":"product_brand","embeddable":true,"href":"https:\/\/www.depoles.com\/hr\/wp-json\/wp\/v2\/product_brand?post=999"},{"taxonomy":"product_cat","embeddable":true,"href":"https:\/\/www.depoles.com\/hr\/wp-json\/wp\/v2\/product_cat?post=999"},{"taxonomy":"product_tag","embeddable":true,"href":"https:\/\/www.depoles.com\/hr\/wp-json\/wp\/v2\/product_tag?post=999"}],"curies":[{"name":"wp","href":"https:\/\/api.w.org\/{rel}","templated":true}]}}